{"id":1481,"date":"2024-05-06T12:37:00","date_gmt":"2024-05-06T16:37:00","guid":{"rendered":"https:\/\/lauratorreslaw.com\/booking\/"},"modified":"2025-03-11T13:56:57","modified_gmt":"2025-03-11T17:56:57","slug":"reserva","status":"publish","type":"page","link":"https:\/\/lauratorreslaw.com\/es\/reserva\/","title":{"rendered":"Libro"},"content":{"rendered":"\t\t<div data-elementor-type=\"wp-page\" data-elementor-id=\"1481\" class=\"elementor elementor-1481 elementor-960\" data-elementor-post-type=\"page\">\n\t\t\t\t\t\t<section class=\"elementor-section elementor-top-section elementor-element elementor-element-7d398d18 elementor-section-content-middle elementor-section-full_width elementor-section-height-default elementor-section-height-default\" data-id=\"7d398d18\" data-element_type=\"section\" data-e-type=\"section\" data-settings=\"{&quot;background_background&quot;:&quot;classic&quot;}\">\n\t\t\t\t\t\t<div class=\"elementor-container elementor-column-gap-default\">\n\t\t\t\t\t<div class=\"elementor-column elementor-col-100 elementor-top-column elementor-element elementor-element-426e75ce\" data-id=\"426e75ce\" data-element_type=\"column\" data-e-type=\"column\">\n\t\t\t<div class=\"elementor-widget-wrap elementor-element-populated\">\n\t\t\t\t\t\t<div class=\"elementor-element elementor-element-21690c4f elementor-widget elementor-widget-heading\" data-id=\"21690c4f\" data-element_type=\"widget\" data-e-type=\"widget\" data-widget_type=\"heading.default\">\n\t\t\t\t<div class=\"elementor-widget-container\">\n\t\t\t\t\t<h2 class=\"elementor-heading-title elementor-size-default\">Agenda tu cita<\/h2>\t\t\t\t<\/div>\n\t\t\t\t<\/div>\n\t\t\t\t<div class=\"elementor-element elementor-element-31b1742b elementor-icon-list--layout-inline elementor-align-center elementor-mobile-align-center elementor-list-item-link-full_width elementor-widget elementor-widget-icon-list\" data-id=\"31b1742b\" data-element_type=\"widget\" data-e-type=\"widget\" data-widget_type=\"icon-list.default\">\n\t\t\t\t<div class=\"elementor-widget-container\">\n\t\t\t\t\t\t\t<ul class=\"elementor-icon-list-items elementor-inline-items\">\n\t\t\t\t\t\t\t<li class=\"elementor-icon-list-item elementor-inline-item\">\n\t\t\t\t\t\t\t\t\t\t\t<a href=\"https:\/\/lauratorreslaw.com\/es\/\">\n\n\t\t\t\t\t\t\t\t\t\t\t<span class=\"elementor-icon-list-text\">Hogar<\/span>\n\t\t\t\t\t\t\t\t\t\t\t<\/a>\n\t\t\t\t\t\t\t\t\t<\/li>\n\t\t\t\t\t\t\t\t<li class=\"elementor-icon-list-item elementor-inline-item\">\n\t\t\t\t\t\t\t\t\t\t\t<span class=\"elementor-icon-list-icon\">\n\t\t\t\t\t\t\t<svg aria-hidden=\"true\" class=\"e-font-icon-svg e-fas-chevron-right\" viewBox=\"0 0 320 512\" xmlns=\"http:\/\/www.w3.org\/2000\/svg\"><path d=\"M285.476 272.971L91.132 467.314c-9.373 9.373-24.569 9.373-33.941 0l-22.667-22.667c-9.357-9.357-9.375-24.522-.04-33.901L188.505 256 34.484 101.255c-9.335-9.379-9.317-24.544.04-33.901l22.667-22.667c9.373-9.373 24.569-9.373 33.941 0L285.475 239.03c9.373 9.372 9.373 24.568.001 33.941z\"><\/path><\/svg>\t\t\t\t\t\t<\/span>\n\t\t\t\t\t\t\t\t\t\t<span class=\"elementor-icon-list-text\">Libro en l\u00ednea<\/span>\n\t\t\t\t\t\t\t\t\t<\/li>\n\t\t\t\t\t\t<\/ul>\n\t\t\t\t\t\t<\/div>\n\t\t\t\t<\/div>\n\t\t\t\t\t<\/div>\n\t\t<\/div>\n\t\t\t\t\t<\/div>\n\t\t<\/section>\n\t\t<div class=\"elementor-element elementor-element-b8022b6 e-flex e-con-boxed e-con e-parent\" data-id=\"b8022b6\" data-element_type=\"container\" data-e-type=\"container\">\n\t\t\t\t\t<div class=\"e-con-inner\">\n\t\t\t\t<div class=\"elementor-element elementor-element-84923c2 elementor-widget elementor-widget-html\" data-id=\"84923c2\" data-element_type=\"widget\" data-e-type=\"widget\" data-widget_type=\"html.default\">\n\t\t\t\t<div class=\"elementor-widget-container\">\n\t\t\t\t\t<div class=\"container\">\n  <iframe class=\"responsive-iframe\" src=\"https:\/\/lauratorreslaw.setmore.com\/?lang=spanish\"\nscrolling=\"yes\" width=\"100%\" height=\"1250px\" frameborder=\"0\"><\/iframe> <\/div>\t\t\t\t<\/div>\n\t\t\t\t<\/div>\n\t\t\t\t\t<\/div>\n\t\t\t\t<\/div>\n\t\t\t\t<\/div>\n\t\t","protected":false},"excerpt":{"rendered":"<p>Agenda tu cita Hogar Libro en l\u00ednea<\/p>\n","protected":false},"author":4,"featured_media":0,"parent":0,"menu_order":0,"comment_status":"closed","ping_status":"closed","template":"","meta":{"footnotes":""},"class_list":["post-1481","page","type-page","status-publish","hentry"],"yoast_head":"<!-- This site is optimized with the Yoast SEO plugin v27.3 - https:\/\/yoast.com\/product\/yoast-seo-wordpress\/ -->\n<title>Libro en l\u00ednea | Laura B\u00e1ez Torres Law<\/title>\n<meta name=\"description\" content=\"\u00bfBusca ayuda con su caso de ley de inmigraci\u00f3n? Laura Torres Law est\u00e1 aqu\u00ed para ayudar. Reserve su consulta en l\u00ednea hoy.\" \/>\n<meta name=\"robots\" content=\"index, follow, max-snippet:-1, max-image-preview:large, max-video-preview:-1\" \/>\n<link rel=\"canonical\" href=\"https:\/\/lauratorreslaw.com\/es\/reserva\/\" \/>\n<meta property=\"og:locale\" content=\"es_ES\" \/>\n<meta property=\"og:type\" content=\"article\" \/>\n<meta property=\"og:title\" content=\"Libro en l\u00ednea | Laura B\u00e1ez Torres Law\" \/>\n<meta property=\"og:description\" content=\"\u00bfBusca ayuda con su caso de ley de inmigraci\u00f3n? Laura Torres Law est\u00e1 aqu\u00ed para ayudar. Reserve su consulta en l\u00ednea hoy.\" \/>\n<meta property=\"og:url\" content=\"https:\/\/lauratorreslaw.com\/es\/reserva\/\" \/>\n<meta property=\"og:site_name\" content=\"Laura B\u00e1ez Torres Law\" \/>\n<meta property=\"article:modified_time\" content=\"2025-03-11T17:56:57+00:00\" \/>\n<meta name=\"twitter:card\" content=\"summary_large_image\" \/>\n<meta name=\"twitter:label1\" content=\"Tiempo de lectura\" \/>\n\t<meta name=\"twitter:data1\" content=\"1 minuto\" \/>\n<script type=\"application\/ld+json\" class=\"yoast-schema-graph\">{\"@context\":\"https:\\\/\\\/schema.org\",\"@graph\":[{\"@type\":\"WebPage\",\"@id\":\"https:\\\/\\\/lauratorreslaw.com\\\/es\\\/reserva\\\/\",\"url\":\"https:\\\/\\\/lauratorreslaw.com\\\/es\\\/reserva\\\/\",\"name\":\"Libro en l\u00ednea | Laura B\u00e1ez Torres Law\",\"isPartOf\":{\"@id\":\"https:\\\/\\\/lauratorreslaw.com\\\/es\\\/#website\"},\"datePublished\":\"2024-05-06T16:37:00+00:00\",\"dateModified\":\"2025-03-11T17:56:57+00:00\",\"description\":\"\u00bfBusca ayuda con su caso de ley de inmigraci\u00f3n? Laura Torres Law est\u00e1 aqu\u00ed para ayudar. Reserve su consulta en l\u00ednea hoy.\",\"breadcrumb\":{\"@id\":\"https:\\\/\\\/lauratorreslaw.com\\\/es\\\/reserva\\\/#breadcrumb\"},\"inLanguage\":\"es\",\"potentialAction\":[{\"@type\":\"ReadAction\",\"target\":[\"https:\\\/\\\/lauratorreslaw.com\\\/es\\\/reserva\\\/\"]}]},{\"@type\":\"BreadcrumbList\",\"@id\":\"https:\\\/\\\/lauratorreslaw.com\\\/es\\\/reserva\\\/#breadcrumb\",\"itemListElement\":[{\"@type\":\"ListItem\",\"position\":1,\"name\":\"Home\",\"item\":\"https:\\\/\\\/lauratorreslaw.com\\\/es\\\/\"},{\"@type\":\"ListItem\",\"position\":2,\"name\":\"Libro\"}]},{\"@type\":\"WebSite\",\"@id\":\"https:\\\/\\\/lauratorreslaw.com\\\/es\\\/#website\",\"url\":\"https:\\\/\\\/lauratorreslaw.com\\\/es\\\/\",\"name\":\"Laura B\u00e1ez Torres Law\",\"description\":\"\",\"potentialAction\":[{\"@type\":\"SearchAction\",\"target\":{\"@type\":\"EntryPoint\",\"urlTemplate\":\"https:\\\/\\\/lauratorreslaw.com\\\/es\\\/?s={search_term_string}\"},\"query-input\":{\"@type\":\"PropertyValueSpecification\",\"valueRequired\":true,\"valueName\":\"search_term_string\"}}],\"inLanguage\":\"es\"}]}<\/script>\n<!-- \/ Yoast SEO plugin. -->","yoast_head_json":{"title":"Libro en l\u00ednea | Laura B\u00e1ez Torres Law","description":"\u00bfBusca ayuda con su caso de ley de inmigraci\u00f3n? Laura Torres Law est\u00e1 aqu\u00ed para ayudar. Reserve su consulta en l\u00ednea hoy.","robots":{"index":"index","follow":"follow","max-snippet":"max-snippet:-1","max-image-preview":"max-image-preview:large","max-video-preview":"max-video-preview:-1"},"canonical":"https:\/\/lauratorreslaw.com\/es\/reserva\/","og_locale":"es_ES","og_type":"article","og_title":"Libro en l\u00ednea | Laura B\u00e1ez Torres Law","og_description":"\u00bfBusca ayuda con su caso de ley de inmigraci\u00f3n? Laura Torres Law est\u00e1 aqu\u00ed para ayudar. Reserve su consulta en l\u00ednea hoy.","og_url":"https:\/\/lauratorreslaw.com\/es\/reserva\/","og_site_name":"Laura B\u00e1ez Torres Law","article_modified_time":"2025-03-11T17:56:57+00:00","twitter_card":"summary_large_image","twitter_misc":{"Tiempo de lectura":"1 minuto"},"schema":{"@context":"https:\/\/schema.org","@graph":[{"@type":"WebPage","@id":"https:\/\/lauratorreslaw.com\/es\/reserva\/","url":"https:\/\/lauratorreslaw.com\/es\/reserva\/","name":"Libro en l\u00ednea | Laura B\u00e1ez Torres Law","isPartOf":{"@id":"https:\/\/lauratorreslaw.com\/es\/#website"},"datePublished":"2024-05-06T16:37:00+00:00","dateModified":"2025-03-11T17:56:57+00:00","description":"\u00bfBusca ayuda con su caso de ley de inmigraci\u00f3n? Laura Torres Law est\u00e1 aqu\u00ed para ayudar. Reserve su consulta en l\u00ednea hoy.","breadcrumb":{"@id":"https:\/\/lauratorreslaw.com\/es\/reserva\/#breadcrumb"},"inLanguage":"es","potentialAction":[{"@type":"ReadAction","target":["https:\/\/lauratorreslaw.com\/es\/reserva\/"]}]},{"@type":"BreadcrumbList","@id":"https:\/\/lauratorreslaw.com\/es\/reserva\/#breadcrumb","itemListElement":[{"@type":"ListItem","position":1,"name":"Home","item":"https:\/\/lauratorreslaw.com\/es\/"},{"@type":"ListItem","position":2,"name":"Libro"}]},{"@type":"WebSite","@id":"https:\/\/lauratorreslaw.com\/es\/#website","url":"https:\/\/lauratorreslaw.com\/es\/","name":"Laura B\u00e1ez Torres Law","description":"","potentialAction":[{"@type":"SearchAction","target":{"@type":"EntryPoint","urlTemplate":"https:\/\/lauratorreslaw.com\/es\/?s={search_term_string}"},"query-input":{"@type":"PropertyValueSpecification","valueRequired":true,"valueName":"search_term_string"}}],"inLanguage":"es"}]}},"_links":{"self":[{"href":"https:\/\/lauratorreslaw.com\/es\/wp-json\/wp\/v2\/pages\/1481","targetHints":{"allow":["GET"]}}],"collection":[{"href":"https:\/\/lauratorreslaw.com\/es\/wp-json\/wp\/v2\/pages"}],"about":[{"href":"https:\/\/lauratorreslaw.com\/es\/wp-json\/wp\/v2\/types\/page"}],"author":[{"embeddable":true,"href":"https:\/\/lauratorreslaw.com\/es\/wp-json\/wp\/v2\/users\/4"}],"replies":[{"embeddable":true,"href":"https:\/\/lauratorreslaw.com\/es\/wp-json\/wp\/v2\/comments?post=1481"}],"version-history":[{"count":29,"href":"https:\/\/lauratorreslaw.com\/es\/wp-json\/wp\/v2\/pages\/1481\/revisions"}],"predecessor-version":[{"id":3747,"href":"https:\/\/lauratorreslaw.com\/es\/wp-json\/wp\/v2\/pages\/1481\/revisions\/3747"}],"wp:attachment":[{"href":"https:\/\/lauratorreslaw.com\/es\/wp-json\/wp\/v2\/media?parent=1481"}],"curies":[{"name":"wp","href":"https:\/\/api.w.org\/{rel}","templated":true}]}}