{"id":1484,"date":"2024-05-06T12:39:59","date_gmt":"2024-05-06T16:39:59","guid":{"rendered":"https:\/\/lauratorreslaw.com\/privacy-and-terms-of-use\/"},"modified":"2024-05-13T12:18:45","modified_gmt":"2024-05-13T16:18:45","slug":"privacidad-y-condiciones-de-uso","status":"publish","type":"page","link":"https:\/\/lauratorreslaw.com\/es\/privacidad-y-condiciones-de-uso\/","title":{"rendered":"Pol\u00edtica de Privacidad\/T\u00e9rminos de Uso"},"content":{"rendered":"\t\t<div data-elementor-type=\"wp-page\" data-elementor-id=\"1484\" class=\"elementor elementor-1484 elementor-970\" data-elementor-post-type=\"page\">\n\t\t\t\t<div class=\"elementor-element elementor-element-ed5642e e-flex e-con-boxed e-con e-parent\" data-id=\"ed5642e\" data-element_type=\"container\" data-e-type=\"container\">\n\t\t\t\t\t<div class=\"e-con-inner\">\n\t\t\t\t<div class=\"elementor-element elementor-element-30482bd elementor-widget elementor-widget-text-editor\" data-id=\"30482bd\" data-element_type=\"widget\" data-e-type=\"widget\" data-widget_type=\"text-editor.default\">\n\t\t\t\t<div class=\"elementor-widget-container\">\n\t\t\t\t\t\t\t\t\t<div id=\"bgLayers_comp-lvpgk91v\" class=\"MW5IWV\" data-hook=\"bgLayers\" data-motion-part=\"BG_LAYER\"><div id=\"bgMedia_comp-lvpgk91v\" class=\"VgO9Yg\" data-motion-part=\"BG_MEDIA\">\u00a0<\/div><\/div><div class=\"\" data-mesh-id=\"comp-lvpgk91vinlineContent\" data-testid=\"inline-content\"><div data-mesh-id=\"comp-lvpgk91vinlineContent-gridContainer\" data-testid=\"mesh-container-content\"><div id=\"comp-lvpgky0y\" class=\"HcOXKn c9GqVL QxJLC3 comp-lvpgky0y wixui-rich-text\" data-testid=\"richTextElement\"><h2 class=\"font_3 wixui-rich-text__text\"><strong>Condiciones de Uso<\/strong><\/h2><\/div><div id=\"comp-lvpgm6k2\" data-testid=\"richTextElement\"><p style=\"text-align: left;\">Este sitio web es propiedad y est\u00e1 operado por Laura B\u00e1ez Torres. Estos T\u00e9rminos establecen los t\u00e9rminos y condiciones bajo los cuales puede utilizar nuestro sitio web y los servicios que ofrecemos. Este sitio web ofrece a los visitantes informaci\u00f3n sobre Laura Torres Law y c\u00f3mo ella puede servirle con respecto a cualquier asunto de inmigraci\u00f3n. Al acceder o utilizar el sitio web de nuestro servicio, usted acepta haber le\u00eddo, comprendido y aceptado regirse por estos T\u00e9rminos.<\/p><\/div><div id=\"comp-lvpglsrc\" class=\"HcOXKn c9GqVL QxJLC3 comp-lvpglsrc wixui-rich-text\" data-testid=\"richTextElement\"><h2 class=\"font_3 wixui-rich-text__text\"><strong>Pol\u00edtica de Privacidad \u00a0<\/strong><\/h2><\/div><div id=\"comp-lvpgmzwd\" class=\"HcOXKn c9GqVL QxJLC3 comp-lvpgmzwd wixui-rich-text\" data-testid=\"richTextElement\"><p class=\"font_2 wixui-rich-text__text\">Privacidad No recibimos, recopilamos ni almacenamos ninguna informaci\u00f3n que usted ingrese en nuestro sitio web o que nos proporcione de cualquier otra manera. Adem\u00e1s, no recopilamos la direcci\u00f3n de protocolo de Internet (IP) utilizada para conectar su computadora a Internet; acceso; direcci\u00f3n de correo electr\u00f3nico; contrase\u00f1a; informaci\u00f3n de conexi\u00f3n y computadora e historial de compras. Tampoco recopilamos informaci\u00f3n de identificaci\u00f3n personal (incluido nombre, correo electr\u00f3nico, contrase\u00f1a, comunicaciones); detalles de pago (incluida la informaci\u00f3n de la tarjeta de cr\u00e9dito), comentarios, valoraciones, rese\u00f1as de productos, recomendaciones y perfil personal.Pol\u00edtica<\/p><\/div><\/div><\/div>\t\t\t\t\t\t\t\t<\/div>\n\t\t\t\t<\/div>\n\t\t\t\t\t<\/div>\n\t\t\t\t<\/div>\n\t\t\t\t<\/div>\n\t\t","protected":false},"excerpt":{"rendered":"<p>&nbsp; Condiciones de Uso Este sitio web es propiedad y est\u00e1 operado por Laura B\u00e1ez Torres. Estos T\u00e9rminos establecen los t\u00e9rminos y condiciones bajo los cuales puede utilizar nuestro sitio web y los servicios que ofrecemos. Este sitio web ofrece a los visitantes informaci\u00f3n sobre Laura Torres Law y c\u00f3mo ella puede servirle con respecto [&hellip;]<\/p>\n","protected":false},"author":4,"featured_media":0,"parent":0,"menu_order":0,"comment_status":"closed","ping_status":"closed","template":"","meta":{"footnotes":""},"class_list":["post-1484","page","type-page","status-publish","hentry"],"yoast_head":"<!-- This site is optimized with the Yoast SEO plugin v27.3 - https:\/\/yoast.com\/product\/yoast-seo-wordpress\/ -->\n<title>Pol\u00edtica de Privacidad\/T\u00e9rminos de Uso | Laura B\u00e1ez Torres Law<\/title>\n<meta name=\"robots\" content=\"index, follow, max-snippet:-1, max-image-preview:large, max-video-preview:-1\" \/>\n<link rel=\"canonical\" href=\"https:\/\/lauratorreslaw.com\/es\/privacidad-y-condiciones-de-uso\/\" \/>\n<meta property=\"og:locale\" content=\"es_ES\" \/>\n<meta property=\"og:type\" content=\"article\" \/>\n<meta property=\"og:title\" content=\"Pol\u00edtica de Privacidad\/T\u00e9rminos de Uso | Laura B\u00e1ez Torres Law\" \/>\n<meta property=\"og:description\" content=\"&nbsp; Condiciones de Uso Este sitio web es propiedad y est\u00e1 operado por Laura B\u00e1ez Torres. Estos T\u00e9rminos establecen los t\u00e9rminos y condiciones bajo los cuales puede utilizar nuestro sitio web y los servicios que ofrecemos. Este sitio web ofrece a los visitantes informaci\u00f3n sobre Laura Torres Law y c\u00f3mo ella puede servirle con respecto [&hellip;]\" \/>\n<meta property=\"og:url\" content=\"https:\/\/lauratorreslaw.com\/es\/privacidad-y-condiciones-de-uso\/\" \/>\n<meta property=\"og:site_name\" content=\"Laura B\u00e1ez Torres Law\" \/>\n<meta property=\"article:modified_time\" content=\"2024-05-13T16:18:45+00:00\" \/>\n<meta name=\"twitter:card\" content=\"summary_large_image\" \/>\n<meta name=\"twitter:label1\" content=\"Tiempo de lectura\" \/>\n\t<meta name=\"twitter:data1\" content=\"1 minuto\" \/>\n<script type=\"application\/ld+json\" class=\"yoast-schema-graph\">{\"@context\":\"https:\\\/\\\/schema.org\",\"@graph\":[{\"@type\":\"WebPage\",\"@id\":\"https:\\\/\\\/lauratorreslaw.com\\\/es\\\/privacidad-y-condiciones-de-uso\\\/\",\"url\":\"https:\\\/\\\/lauratorreslaw.com\\\/es\\\/privacidad-y-condiciones-de-uso\\\/\",\"name\":\"Pol\u00edtica de Privacidad\\\/T\u00e9rminos de Uso | Laura B\u00e1ez Torres Law\",\"isPartOf\":{\"@id\":\"https:\\\/\\\/lauratorreslaw.com\\\/es\\\/#website\"},\"datePublished\":\"2024-05-06T16:39:59+00:00\",\"dateModified\":\"2024-05-13T16:18:45+00:00\",\"breadcrumb\":{\"@id\":\"https:\\\/\\\/lauratorreslaw.com\\\/es\\\/privacidad-y-condiciones-de-uso\\\/#breadcrumb\"},\"inLanguage\":\"es\",\"potentialAction\":[{\"@type\":\"ReadAction\",\"target\":[\"https:\\\/\\\/lauratorreslaw.com\\\/es\\\/privacidad-y-condiciones-de-uso\\\/\"]}]},{\"@type\":\"BreadcrumbList\",\"@id\":\"https:\\\/\\\/lauratorreslaw.com\\\/es\\\/privacidad-y-condiciones-de-uso\\\/#breadcrumb\",\"itemListElement\":[{\"@type\":\"ListItem\",\"position\":1,\"name\":\"Home\",\"item\":\"https:\\\/\\\/lauratorreslaw.com\\\/es\\\/\"},{\"@type\":\"ListItem\",\"position\":2,\"name\":\"Pol\u00edtica de Privacidad\\\/T\u00e9rminos de Uso\"}]},{\"@type\":\"WebSite\",\"@id\":\"https:\\\/\\\/lauratorreslaw.com\\\/es\\\/#website\",\"url\":\"https:\\\/\\\/lauratorreslaw.com\\\/es\\\/\",\"name\":\"Laura B\u00e1ez Torres Law\",\"description\":\"\",\"potentialAction\":[{\"@type\":\"SearchAction\",\"target\":{\"@type\":\"EntryPoint\",\"urlTemplate\":\"https:\\\/\\\/lauratorreslaw.com\\\/es\\\/?s={search_term_string}\"},\"query-input\":{\"@type\":\"PropertyValueSpecification\",\"valueRequired\":true,\"valueName\":\"search_term_string\"}}],\"inLanguage\":\"es\"}]}<\/script>\n<!-- \/ Yoast SEO plugin. -->","yoast_head_json":{"title":"Pol\u00edtica de Privacidad\/T\u00e9rminos de Uso | Laura B\u00e1ez Torres Law","robots":{"index":"index","follow":"follow","max-snippet":"max-snippet:-1","max-image-preview":"max-image-preview:large","max-video-preview":"max-video-preview:-1"},"canonical":"https:\/\/lauratorreslaw.com\/es\/privacidad-y-condiciones-de-uso\/","og_locale":"es_ES","og_type":"article","og_title":"Pol\u00edtica de Privacidad\/T\u00e9rminos de Uso | Laura B\u00e1ez Torres Law","og_description":"&nbsp; Condiciones de Uso Este sitio web es propiedad y est\u00e1 operado por Laura B\u00e1ez Torres. Estos T\u00e9rminos establecen los t\u00e9rminos y condiciones bajo los cuales puede utilizar nuestro sitio web y los servicios que ofrecemos. Este sitio web ofrece a los visitantes informaci\u00f3n sobre Laura Torres Law y c\u00f3mo ella puede servirle con respecto [&hellip;]","og_url":"https:\/\/lauratorreslaw.com\/es\/privacidad-y-condiciones-de-uso\/","og_site_name":"Laura B\u00e1ez Torres Law","article_modified_time":"2024-05-13T16:18:45+00:00","twitter_card":"summary_large_image","twitter_misc":{"Tiempo de lectura":"1 minuto"},"schema":{"@context":"https:\/\/schema.org","@graph":[{"@type":"WebPage","@id":"https:\/\/lauratorreslaw.com\/es\/privacidad-y-condiciones-de-uso\/","url":"https:\/\/lauratorreslaw.com\/es\/privacidad-y-condiciones-de-uso\/","name":"Pol\u00edtica de Privacidad\/T\u00e9rminos de Uso | Laura B\u00e1ez Torres Law","isPartOf":{"@id":"https:\/\/lauratorreslaw.com\/es\/#website"},"datePublished":"2024-05-06T16:39:59+00:00","dateModified":"2024-05-13T16:18:45+00:00","breadcrumb":{"@id":"https:\/\/lauratorreslaw.com\/es\/privacidad-y-condiciones-de-uso\/#breadcrumb"},"inLanguage":"es","potentialAction":[{"@type":"ReadAction","target":["https:\/\/lauratorreslaw.com\/es\/privacidad-y-condiciones-de-uso\/"]}]},{"@type":"BreadcrumbList","@id":"https:\/\/lauratorreslaw.com\/es\/privacidad-y-condiciones-de-uso\/#breadcrumb","itemListElement":[{"@type":"ListItem","position":1,"name":"Home","item":"https:\/\/lauratorreslaw.com\/es\/"},{"@type":"ListItem","position":2,"name":"Pol\u00edtica de Privacidad\/T\u00e9rminos de Uso"}]},{"@type":"WebSite","@id":"https:\/\/lauratorreslaw.com\/es\/#website","url":"https:\/\/lauratorreslaw.com\/es\/","name":"Laura B\u00e1ez Torres Law","description":"","potentialAction":[{"@type":"SearchAction","target":{"@type":"EntryPoint","urlTemplate":"https:\/\/lauratorreslaw.com\/es\/?s={search_term_string}"},"query-input":{"@type":"PropertyValueSpecification","valueRequired":true,"valueName":"search_term_string"}}],"inLanguage":"es"}]}},"_links":{"self":[{"href":"https:\/\/lauratorreslaw.com\/es\/wp-json\/wp\/v2\/pages\/1484","targetHints":{"allow":["GET"]}}],"collection":[{"href":"https:\/\/lauratorreslaw.com\/es\/wp-json\/wp\/v2\/pages"}],"about":[{"href":"https:\/\/lauratorreslaw.com\/es\/wp-json\/wp\/v2\/types\/page"}],"author":[{"embeddable":true,"href":"https:\/\/lauratorreslaw.com\/es\/wp-json\/wp\/v2\/users\/4"}],"replies":[{"embeddable":true,"href":"https:\/\/lauratorreslaw.com\/es\/wp-json\/wp\/v2\/comments?post=1484"}],"version-history":[{"count":5,"href":"https:\/\/lauratorreslaw.com\/es\/wp-json\/wp\/v2\/pages\/1484\/revisions"}],"predecessor-version":[{"id":1919,"href":"https:\/\/lauratorreslaw.com\/es\/wp-json\/wp\/v2\/pages\/1484\/revisions\/1919"}],"wp:attachment":[{"href":"https:\/\/lauratorreslaw.com\/es\/wp-json\/wp\/v2\/media?parent=1484"}],"curies":[{"name":"wp","href":"https:\/\/api.w.org\/{rel}","templated":true}]}}