{"id":1962,"date":"2024-05-13T12:19:43","date_gmt":"2024-05-13T16:19:43","guid":{"rendered":"https:\/\/lauratorreslaw.com\/thank-you\/"},"modified":"2024-05-17T16:08:03","modified_gmt":"2024-05-17T20:08:03","slug":"gracias","status":"publish","type":"page","link":"https:\/\/lauratorreslaw.com\/es\/gracias\/","title":{"rendered":"Gracias"},"content":{"rendered":"\t\t<div data-elementor-type=\"wp-page\" data-elementor-id=\"1962\" class=\"elementor elementor-1962 elementor-1921\" data-elementor-post-type=\"page\">\n\t\t\t\t\t\t<section class=\"elementor-section elementor-top-section elementor-element elementor-element-815030e elementor-section-content-middle elementor-section-boxed elementor-section-height-default elementor-section-height-default\" data-id=\"815030e\" data-element_type=\"section\" data-e-type=\"section\" data-settings=\"{&quot;background_background&quot;:&quot;classic&quot;}\">\n\t\t\t\t\t\t\t<div class=\"elementor-background-overlay\"><\/div>\n\t\t\t\t\t\t\t<div class=\"elementor-container elementor-column-gap-default\">\n\t\t\t\t\t<div class=\"elementor-column elementor-col-100 elementor-top-column elementor-element elementor-element-5d30a233\" data-id=\"5d30a233\" data-element_type=\"column\" data-e-type=\"column\">\n\t\t\t<div class=\"elementor-widget-wrap elementor-element-populated\">\n\t\t\t\t\t\t<div class=\"elementor-element elementor-element-61a557dc elementor-widget elementor-widget-heading\" data-id=\"61a557dc\" data-element_type=\"widget\" data-e-type=\"widget\" data-widget_type=\"heading.default\">\n\t\t\t\t<div class=\"elementor-widget-container\">\n\t\t\t\t\t<h2 class=\"elementor-heading-title elementor-size-default\">Solicitud Enviada<\/h2>\t\t\t\t<\/div>\n\t\t\t\t<\/div>\n\t\t\t\t\t<\/div>\n\t\t<\/div>\n\t\t\t\t\t<\/div>\n\t\t<\/section>\n\t\t<div class=\"elementor-element elementor-element-105f1a6 e-flex e-con-boxed e-con e-parent\" data-id=\"105f1a6\" data-element_type=\"container\" data-e-type=\"container\">\n\t\t\t\t\t<div class=\"e-con-inner\">\n\t\t\t\t<div class=\"elementor-element elementor-element-d307398 elementor-widget elementor-widget-image\" data-id=\"d307398\" data-element_type=\"widget\" data-e-type=\"widget\" data-widget_type=\"image.default\">\n\t\t\t\t<div class=\"elementor-widget-container\">\n\t\t\t\t\t\t\t\t\t\t\t\t\t\t\t<img fetchpriority=\"high\" decoding=\"async\" width=\"1024\" height=\"512\" src=\"https:\/\/lauratorreslaw.com\/wp-content\/uploads\/2024\/05\/Thank-You-Spanish-1.png\" class=\"attachment-full size-full wp-image-2544\" alt=\"gracias por tu solicitud\" srcset=\"https:\/\/lauratorreslaw.com\/wp-content\/uploads\/2024\/05\/Thank-You-Spanish-1.png 1024w, https:\/\/lauratorreslaw.com\/wp-content\/uploads\/2024\/05\/Thank-You-Spanish-1-300x150.png 300w, https:\/\/lauratorreslaw.com\/wp-content\/uploads\/2024\/05\/Thank-You-Spanish-1-768x384.png 768w\" sizes=\"(max-width: 1024px) 100vw, 1024px\" \/>\t\t\t\t\t\t\t\t\t\t\t\t\t\t\t<\/div>\n\t\t\t\t<\/div>\n\t\t\t\t<div class=\"elementor-element elementor-element-2ffb660 elementor-widget elementor-widget-text-editor\" data-id=\"2ffb660\" data-element_type=\"widget\" data-e-type=\"widget\" data-widget_type=\"text-editor.default\">\n\t\t\t\t<div class=\"elementor-widget-container\">\n\t\t\t\t\t\t\t\t\t<p style=\"text-align: center;\">Perm\u00edtanos 24 horas para revisar su env\u00edo y responder en consecuencia.<\/p><p style=\"text-align: center;\">Apreciamos su paciencia y comprensi\u00f3n.<\/p>\t\t\t\t\t\t\t\t<\/div>\n\t\t\t\t<\/div>\n\t\t\t\t\t<\/div>\n\t\t\t\t<\/div>\n\t\t\t\t<\/div>\n\t\t","protected":false},"excerpt":{"rendered":"<p>Solicitud Enviada Perm\u00edtanos 24 horas para revisar su env\u00edo y responder en consecuencia. Apreciamos su paciencia y comprensi\u00f3n.<\/p>\n","protected":false},"author":4,"featured_media":0,"parent":0,"menu_order":0,"comment_status":"closed","ping_status":"closed","template":"","meta":{"footnotes":""},"class_list":["post-1962","page","type-page","status-publish","hentry"],"yoast_head":"<!-- This site is optimized with the Yoast SEO plugin v27.5 - https:\/\/yoast.com\/product\/yoast-seo-wordpress\/ -->\n<title>Gracias | Laura B\u00e1ez Torres Law<\/title>\n<meta name=\"description\" content=\"Gracias por enviar su solicitud de consulta. Revisaremos su env\u00edo y responderemos a la brevedad.\" \/>\n<meta name=\"robots\" content=\"index, follow, max-snippet:-1, max-image-preview:large, max-video-preview:-1\" \/>\n<link rel=\"canonical\" href=\"https:\/\/lauratorreslaw.com\/es\/gracias\/\" \/>\n<meta property=\"og:locale\" content=\"es_ES\" \/>\n<meta property=\"og:type\" content=\"article\" \/>\n<meta property=\"og:title\" content=\"Gracias | Laura B\u00e1ez Torres Law\" \/>\n<meta property=\"og:description\" content=\"Gracias por enviar su solicitud de consulta. Revisaremos su env\u00edo y responderemos a la brevedad.\" \/>\n<meta property=\"og:url\" content=\"https:\/\/lauratorreslaw.com\/es\/gracias\/\" \/>\n<meta property=\"og:site_name\" content=\"Laura B\u00e1ez Torres Law\" \/>\n<meta property=\"article:modified_time\" content=\"2024-05-17T20:08:03+00:00\" \/>\n<meta property=\"og:image\" content=\"https:\/\/lauratorreslaw.com\/wp-content\/uploads\/2024\/05\/Thank-You-Spanish-1.png\" \/>\n<meta name=\"twitter:card\" content=\"summary_large_image\" \/>\n<meta name=\"twitter:label1\" content=\"Tiempo de lectura\" \/>\n\t<meta name=\"twitter:data1\" content=\"1 minuto\" \/>\n<script type=\"application\/ld+json\" class=\"yoast-schema-graph\">{\"@context\":\"https:\\\/\\\/schema.org\",\"@graph\":[{\"@type\":\"WebPage\",\"@id\":\"https:\\\/\\\/lauratorreslaw.com\\\/es\\\/gracias\\\/\",\"url\":\"https:\\\/\\\/lauratorreslaw.com\\\/es\\\/gracias\\\/\",\"name\":\"Gracias | Laura B\u00e1ez Torres Law\",\"isPartOf\":{\"@id\":\"https:\\\/\\\/lauratorreslaw.com\\\/es\\\/#website\"},\"primaryImageOfPage\":{\"@id\":\"https:\\\/\\\/lauratorreslaw.com\\\/es\\\/gracias\\\/#primaryimage\"},\"image\":{\"@id\":\"https:\\\/\\\/lauratorreslaw.com\\\/es\\\/gracias\\\/#primaryimage\"},\"thumbnailUrl\":\"https:\\\/\\\/lauratorreslaw.com\\\/wp-content\\\/uploads\\\/2024\\\/05\\\/Thank-You-Spanish-1.png\",\"datePublished\":\"2024-05-13T16:19:43+00:00\",\"dateModified\":\"2024-05-17T20:08:03+00:00\",\"description\":\"Gracias por enviar su solicitud de consulta. Revisaremos su env\u00edo y responderemos a la brevedad.\",\"breadcrumb\":{\"@id\":\"https:\\\/\\\/lauratorreslaw.com\\\/es\\\/gracias\\\/#breadcrumb\"},\"inLanguage\":\"es\",\"potentialAction\":[{\"@type\":\"ReadAction\",\"target\":[\"https:\\\/\\\/lauratorreslaw.com\\\/es\\\/gracias\\\/\"]}]},{\"@type\":\"ImageObject\",\"inLanguage\":\"es\",\"@id\":\"https:\\\/\\\/lauratorreslaw.com\\\/es\\\/gracias\\\/#primaryimage\",\"url\":\"https:\\\/\\\/lauratorreslaw.com\\\/wp-content\\\/uploads\\\/2024\\\/05\\\/Thank-You-Spanish-1.png\",\"contentUrl\":\"https:\\\/\\\/lauratorreslaw.com\\\/wp-content\\\/uploads\\\/2024\\\/05\\\/Thank-You-Spanish-1.png\"},{\"@type\":\"BreadcrumbList\",\"@id\":\"https:\\\/\\\/lauratorreslaw.com\\\/es\\\/gracias\\\/#breadcrumb\",\"itemListElement\":[{\"@type\":\"ListItem\",\"position\":1,\"name\":\"Home\",\"item\":\"https:\\\/\\\/lauratorreslaw.com\\\/es\\\/\"},{\"@type\":\"ListItem\",\"position\":2,\"name\":\"Gracias\"}]},{\"@type\":\"WebSite\",\"@id\":\"https:\\\/\\\/lauratorreslaw.com\\\/es\\\/#website\",\"url\":\"https:\\\/\\\/lauratorreslaw.com\\\/es\\\/\",\"name\":\"Laura B\u00e1ez Torres Law\",\"description\":\"\",\"potentialAction\":[{\"@type\":\"SearchAction\",\"target\":{\"@type\":\"EntryPoint\",\"urlTemplate\":\"https:\\\/\\\/lauratorreslaw.com\\\/es\\\/?s={search_term_string}\"},\"query-input\":{\"@type\":\"PropertyValueSpecification\",\"valueRequired\":true,\"valueName\":\"search_term_string\"}}],\"inLanguage\":\"es\"}]}<\/script>\n<!-- \/ Yoast SEO plugin. -->","yoast_head_json":{"title":"Gracias | Laura B\u00e1ez Torres Law","description":"Gracias por enviar su solicitud de consulta. Revisaremos su env\u00edo y responderemos a la brevedad.","robots":{"index":"index","follow":"follow","max-snippet":"max-snippet:-1","max-image-preview":"max-image-preview:large","max-video-preview":"max-video-preview:-1"},"canonical":"https:\/\/lauratorreslaw.com\/es\/gracias\/","og_locale":"es_ES","og_type":"article","og_title":"Gracias | Laura B\u00e1ez Torres Law","og_description":"Gracias por enviar su solicitud de consulta. Revisaremos su env\u00edo y responderemos a la brevedad.","og_url":"https:\/\/lauratorreslaw.com\/es\/gracias\/","og_site_name":"Laura B\u00e1ez Torres Law","article_modified_time":"2024-05-17T20:08:03+00:00","og_image":[{"url":"https:\/\/lauratorreslaw.com\/wp-content\/uploads\/2024\/05\/Thank-You-Spanish-1.png","type":"","width":"","height":""}],"twitter_card":"summary_large_image","twitter_misc":{"Tiempo de lectura":"1 minuto"},"schema":{"@context":"https:\/\/schema.org","@graph":[{"@type":"WebPage","@id":"https:\/\/lauratorreslaw.com\/es\/gracias\/","url":"https:\/\/lauratorreslaw.com\/es\/gracias\/","name":"Gracias | Laura B\u00e1ez Torres Law","isPartOf":{"@id":"https:\/\/lauratorreslaw.com\/es\/#website"},"primaryImageOfPage":{"@id":"https:\/\/lauratorreslaw.com\/es\/gracias\/#primaryimage"},"image":{"@id":"https:\/\/lauratorreslaw.com\/es\/gracias\/#primaryimage"},"thumbnailUrl":"https:\/\/lauratorreslaw.com\/wp-content\/uploads\/2024\/05\/Thank-You-Spanish-1.png","datePublished":"2024-05-13T16:19:43+00:00","dateModified":"2024-05-17T20:08:03+00:00","description":"Gracias por enviar su solicitud de consulta. Revisaremos su env\u00edo y responderemos a la brevedad.","breadcrumb":{"@id":"https:\/\/lauratorreslaw.com\/es\/gracias\/#breadcrumb"},"inLanguage":"es","potentialAction":[{"@type":"ReadAction","target":["https:\/\/lauratorreslaw.com\/es\/gracias\/"]}]},{"@type":"ImageObject","inLanguage":"es","@id":"https:\/\/lauratorreslaw.com\/es\/gracias\/#primaryimage","url":"https:\/\/lauratorreslaw.com\/wp-content\/uploads\/2024\/05\/Thank-You-Spanish-1.png","contentUrl":"https:\/\/lauratorreslaw.com\/wp-content\/uploads\/2024\/05\/Thank-You-Spanish-1.png"},{"@type":"BreadcrumbList","@id":"https:\/\/lauratorreslaw.com\/es\/gracias\/#breadcrumb","itemListElement":[{"@type":"ListItem","position":1,"name":"Home","item":"https:\/\/lauratorreslaw.com\/es\/"},{"@type":"ListItem","position":2,"name":"Gracias"}]},{"@type":"WebSite","@id":"https:\/\/lauratorreslaw.com\/es\/#website","url":"https:\/\/lauratorreslaw.com\/es\/","name":"Laura B\u00e1ez Torres Law","description":"","potentialAction":[{"@type":"SearchAction","target":{"@type":"EntryPoint","urlTemplate":"https:\/\/lauratorreslaw.com\/es\/?s={search_term_string}"},"query-input":{"@type":"PropertyValueSpecification","valueRequired":true,"valueName":"search_term_string"}}],"inLanguage":"es"}]}},"_links":{"self":[{"href":"https:\/\/lauratorreslaw.com\/es\/wp-json\/wp\/v2\/pages\/1962","targetHints":{"allow":["GET"]}}],"collection":[{"href":"https:\/\/lauratorreslaw.com\/es\/wp-json\/wp\/v2\/pages"}],"about":[{"href":"https:\/\/lauratorreslaw.com\/es\/wp-json\/wp\/v2\/types\/page"}],"author":[{"embeddable":true,"href":"https:\/\/lauratorreslaw.com\/es\/wp-json\/wp\/v2\/users\/4"}],"replies":[{"embeddable":true,"href":"https:\/\/lauratorreslaw.com\/es\/wp-json\/wp\/v2\/comments?post=1962"}],"version-history":[{"count":23,"href":"https:\/\/lauratorreslaw.com\/es\/wp-json\/wp\/v2\/pages\/1962\/revisions"}],"predecessor-version":[{"id":2575,"href":"https:\/\/lauratorreslaw.com\/es\/wp-json\/wp\/v2\/pages\/1962\/revisions\/2575"}],"wp:attachment":[{"href":"https:\/\/lauratorreslaw.com\/es\/wp-json\/wp\/v2\/media?parent=1962"}],"curies":[{"name":"wp","href":"https:\/\/api.w.org\/{rel}","templated":true}]}}